{"id":130,"date":"2013-11-22T02:39:58","date_gmt":"2013-11-22T01:39:58","guid":{"rendered":"http:\/\/tiroalba.com\/?page_id=130"},"modified":"2024-03-04T23:14:09","modified_gmt":"2024-03-04T22:14:09","slug":"horario","status":"publish","type":"page","link":"https:\/\/tiroalba.com\/?page_id=130","title":{"rendered":"Horario de Campo de Tiro"},"content":{"rendered":"<p class=\"western\" align=\"center\"><strong><span style=\"font-size: x-large;\"><u>HORARIO DEL CAMPO<\/u><\/span><\/strong><\/p>\n<ul>\n<li class=\"western\">LUNES Y D\u00cdAS H\u00c1BILES DESPU\u00c9S DE FESTIVO CERRADO.<\/li>\n<li class=\"western\">AGOSTO CERRADO POR VACACIONES.<\/li>\n<\/ul>\n<p class=\"western\" align=\"center\"><span style=\"color: #000000;\"><strong><span style=\"font-size: x-large;\"><u>S\u00c1BADOS TARDE Y FESTIVOS de 09:00 a 14:00 horas<\/u><\/span><\/strong><\/span><\/p>\n<p class=\"western\"><strong>01 DE NOVIEMBRE AL 01 DE FEBRERO<\/strong><\/p>\n<p class=\"western\">09:30 A 15:00 HORAS<\/p>\n<p class=\"western\">01 DE FEBRERO A 31 DE MAYO<\/p>\n<p class=\"western\">09:00 A 14:00 HORAS<\/p>\n<p class=\"western\">16:00 A 19:00 HORAS<\/p>\n<p class=\"western\">S\u00c1BADOS Y FESTIVOS 09:00 A 14:00 HORAS<\/p>\n<p class=\"western\">01 DE JUNIO A 31 DE SEPTIEMBRE<\/p>\n<p class=\"western\">09:00 A 14:00 HORAS<\/p>\n<p class=\"western\">17:00 A 20:00 HORAS<\/p>\n<p class=\"western\"><strong>S\u00c1BADOS Y FESTIVOS 09:00 A 14:00 HORAS<\/strong><\/p>\n<p class=\"western\"><strong>01 DE OCTUBRE A 31 DE OCTUBRE<\/strong><\/p>\n<p class=\"western\">09:00 A 14:00 HORAS<\/p>\n<p class=\"western\">16:00 A 19:00 HORAS<\/p>\n<p class=\"western\"><strong>S\u00c1BADOS Y FESTIVOS 09:00 A 14:00 HORAS<\/strong><\/p>\n<h5 class=\"western\" align=\"center\"><strong><span style=\"font-size: x-large;\"><u>OFICINA:\u00a0<\/u><\/span><\/strong><strong><u> <\/u><u>MARTES, MI\u00c9RCOLES Y VIERNES<\/u><\/strong><\/h5>\n<p class=\"western\">01 DE NOVIEMBRE A 01 DE FEBRERO<\/p>\n<p class=\"western\">10:30 A 12:30 HORAS<\/p>\n<p class=\"western\">01 DE FEBRERO A 01 DE NOVIEMBRE<\/p>\n<p class=\"western\">17:00 A 19:00 HORAS<\/p>\n<p class=\"western\">S\u00c1BADOS 09:00 A 11:00 HORAS<\/p>\n<p style=\"text-align: left;\"><strong>\u00a0<\/strong><\/p>\n<p style=\"text-align: left;\"><strong>\u00a0<\/strong><\/p>\n","protected":false},"excerpt":{"rendered":"<p>HORARIO DEL CAMPO LUNES Y D\u00cdAS H\u00c1BILES DESPU\u00c9S DE FESTIVO CERRADO. AGOSTO CERRADO POR VACACIONES. S\u00c1BADOS TARDE Y FESTIVOS de 09:00 a 14:00 horas 01 DE NOVIEMBRE AL 01 DE FEBRERO 09:30 A 15:00 HORAS 01 DE FEBRERO A 31 DE MAYO 09:00 A 14:00 HORAS 16:00 A 19:00 HORAS S\u00c1BADOS Y FESTIVOS 09:00 A [&hellip;]<\/p>\n","protected":false},"author":1,"featured_media":0,"parent":0,"menu_order":0,"comment_status":"open","ping_status":"open","template":"","meta":{"footnotes":""},"class_list":["post-130","page","type-page","status-publish","hentry"],"_links":{"self":[{"href":"https:\/\/tiroalba.com\/index.php?rest_route=\/wp\/v2\/pages\/130","targetHints":{"allow":["GET"]}}],"collection":[{"href":"https:\/\/tiroalba.com\/index.php?rest_route=\/wp\/v2\/pages"}],"about":[{"href":"https:\/\/tiroalba.com\/index.php?rest_route=\/wp\/v2\/types\/page"}],"author":[{"embeddable":true,"href":"https:\/\/tiroalba.com\/index.php?rest_route=\/wp\/v2\/users\/1"}],"replies":[{"embeddable":true,"href":"https:\/\/tiroalba.com\/index.php?rest_route=%2Fwp%2Fv2%2Fcomments&post=130"}],"version-history":[{"count":9,"href":"https:\/\/tiroalba.com\/index.php?rest_route=\/wp\/v2\/pages\/130\/revisions"}],"predecessor-version":[{"id":4799,"href":"https:\/\/tiroalba.com\/index.php?rest_route=\/wp\/v2\/pages\/130\/revisions\/4799"}],"wp:attachment":[{"href":"https:\/\/tiroalba.com\/index.php?rest_route=%2Fwp%2Fv2%2Fmedia&parent=130"}],"curies":[{"name":"wp","href":"https:\/\/api.w.org\/{rel}","templated":true}]}}