{"id":153,"date":"2013-11-22T03:24:16","date_gmt":"2013-11-22T02:24:16","guid":{"rendered":"http:\/\/tiroalba.com\/?page_id=153"},"modified":"2013-11-22T03:24:16","modified_gmt":"2013-11-22T02:24:16","slug":"normas-de-seguridad","status":"publish","type":"page","link":"https:\/\/tiroalba.com\/?page_id=153","title":{"rendered":"Normas de Seguridad"},"content":{"rendered":"<p>1\u00aa.- Queda prohibida la manipulaci\u00f3n de todo tipo de armas fuera de los puestos de tiro.<\/p>\n<p>2\u00aa.- Queda prohibida la entrada en los puestos de tiro, a toda persona ajena a la participaci\u00f3n de la prueba, una vez comenzada la misma.<\/p>\n<p>3\u00aa.- Queda prohibido en los entrenamientos, tirar a objetos que no sean los blancos reglamentarios.<\/p>\n<p>4\u00aa.- Los concursantes deber\u00e1n dejar encima del mostrador las pistolas abiertas sin el cargador, y los rev\u00f3lveres abiertos sin munici\u00f3n en el cilindro. El arma deber\u00e1 posicionarse siempre en la mesita apuntando hacia la zona de blancos.<\/p>\n<p>5\u00aa.- Durante las tiradas de avancarga queda prohibido fumar en los puestos de tiro. Igualmente la p\u00f3lvora deber\u00e1 de llevarse dosificada en los botes que para tal efecto existen.<\/p>\n<p align=\"center\">\n","protected":false},"excerpt":{"rendered":"<p>1\u00aa.- Queda prohibida la manipulaci\u00f3n de todo tipo de armas fuera de los puestos de tiro. 2\u00aa.- Queda prohibida la entrada en los puestos de tiro, a toda persona ajena a la participaci\u00f3n de la prueba, una vez comenzada la misma. 3\u00aa.- Queda prohibido en los entrenamientos, tirar a objetos que no sean los blancos [&hellip;]<\/p>\n","protected":false},"author":1,"featured_media":0,"parent":0,"menu_order":0,"comment_status":"open","ping_status":"open","template":"","meta":{"footnotes":""},"class_list":["post-153","page","type-page","status-publish","hentry"],"_links":{"self":[{"href":"https:\/\/tiroalba.com\/index.php?rest_route=\/wp\/v2\/pages\/153","targetHints":{"allow":["GET"]}}],"collection":[{"href":"https:\/\/tiroalba.com\/index.php?rest_route=\/wp\/v2\/pages"}],"about":[{"href":"https:\/\/tiroalba.com\/index.php?rest_route=\/wp\/v2\/types\/page"}],"author":[{"embeddable":true,"href":"https:\/\/tiroalba.com\/index.php?rest_route=\/wp\/v2\/users\/1"}],"replies":[{"embeddable":true,"href":"https:\/\/tiroalba.com\/index.php?rest_route=%2Fwp%2Fv2%2Fcomments&post=153"}],"version-history":[{"count":1,"href":"https:\/\/tiroalba.com\/index.php?rest_route=\/wp\/v2\/pages\/153\/revisions"}],"predecessor-version":[{"id":154,"href":"https:\/\/tiroalba.com\/index.php?rest_route=\/wp\/v2\/pages\/153\/revisions\/154"}],"wp:attachment":[{"href":"https:\/\/tiroalba.com\/index.php?rest_route=%2Fwp%2Fv2%2Fmedia&parent=153"}],"curies":[{"name":"wp","href":"https:\/\/api.w.org\/{rel}","templated":true}]}}