{"id":2259,"date":"2016-02-16T00:17:49","date_gmt":"2016-02-15T23:17:49","guid":{"rendered":"http:\/\/tiroalba.com\/?page_id=2259"},"modified":"2016-02-16T00:17:49","modified_gmt":"2016-02-15T23:17:49","slug":"aviso-legal","status":"publish","type":"page","link":"https:\/\/tiroalba.com\/?page_id=2259","title":{"rendered":"AVISO LEGAL"},"content":{"rendered":"<p align=\"justify\"><span style=\"font-family: Times New Roman,serif;\"><span style=\"font-size: medium;\"><span style=\"color: #000000;\"><b>Informaci\u00f3n en cumplimiento de la Ley 34\/2002, de 11 de julio<\/b><\/span><\/span><\/span><\/p>\n<p align=\"justify\"><span style=\"font-family: Times New Roman,serif;\"><span style=\"font-size: medium;\"><span style=\"color: #000000;\">De conformidad con lo establecido en el art\u00edculo 10 de la Ley 34\/2002, de 11 de<\/span> <span style=\"color: #000000;\">julio, de Servicios de la Sociedad de la Informaci\u00f3n y de Comercio electr\u00f3nico, le informamos que el titular del Sitio Web es CLUB ALBACETENSE DE TIRO DE <\/span><span style=\"color: #000000;\">PRECISI\u00d3N<\/span><span style=\"color: #000000;\">, con la que se puede contactar en la siguiente direcci\u00f3n:<\/span><\/span><\/span><\/p>\n<p align=\"justify\"><span style=\"font-family: Times New Roman,serif;\"><span style=\"font-size: medium;\"><span style=\"color: #282828;\">CLUB ALBACETENSE DE TIRO DE <\/span><span style=\"color: #282828;\">PRECISI\u00d3N<\/span><\/span><\/span><\/p>\n<p align=\"justify\"><span style=\"font-family: Times New Roman,serif;\"><span style=\"font-size: medium;\"><span style=\"color: #282828;\">Calle: <\/span><span style=\"color: #000000;\">Ctra. Madrid, km 2,14, s\/n. Apartado de Correos 569 02080 Albacete<\/span> <span style=\"color: #282828;\">Tel\u00e9fono:<\/span><\/span><\/span><\/p>\n<p align=\"justify\"><span style=\"font-family: Times New Roman,serif;\"><span style=\"font-size: medium;\"><span style=\"color: #282828;\">Correo electr\u00f3nico:<\/span><\/span><\/span><\/p>\n<p align=\"justify\"><span style=\"font-family: Times New Roman,serif;\"><span style=\"font-size: medium;\"><span style=\"color: #000000;\">CLUB ALBACETENSE DE TIRO DE <\/span><span style=\"color: #000000;\">PRECISI\u00d3N<\/span><span style=\"color: #000000;\"> es una entidad inscrita en el Registro<\/span> <span style=\"color: #000000;\">Mercantil de \u2026&#8230;&#8230;&#8230;&#8230;. tomo [tomo], Libro [Libro], Folio [Folio], Secci\u00f3n [Secci\u00f3n], Hoja [Hoja], Inscripci\u00f3n [Inscripci\u00f3n], cuya actividad principal es \u2026&#8230;&#8230;&#8230;&#8230;&#8230;&#8230;&#8230;&#8230;&#8230;&#8230;&#8230;&#8230;.. Su C.I.F. Es G02117844<\/span><\/span><\/span><\/p>\n","protected":false},"excerpt":{"rendered":"<p>Informaci\u00f3n en cumplimiento de la Ley 34\/2002, de 11 de julio De conformidad con lo establecido en el art\u00edculo 10 de la Ley 34\/2002, de 11 de julio, de Servicios de la Sociedad de la Informaci\u00f3n y de Comercio electr\u00f3nico, le informamos que el titular del Sitio Web es CLUB ALBACETENSE DE TIRO DE PRECISI\u00d3N, [&hellip;]<\/p>\n","protected":false},"author":1,"featured_media":0,"parent":0,"menu_order":0,"comment_status":"closed","ping_status":"closed","template":"","meta":{"footnotes":""},"class_list":["post-2259","page","type-page","status-publish","hentry"],"_links":{"self":[{"href":"https:\/\/tiroalba.com\/index.php?rest_route=\/wp\/v2\/pages\/2259","targetHints":{"allow":["GET"]}}],"collection":[{"href":"https:\/\/tiroalba.com\/index.php?rest_route=\/wp\/v2\/pages"}],"about":[{"href":"https:\/\/tiroalba.com\/index.php?rest_route=\/wp\/v2\/types\/page"}],"author":[{"embeddable":true,"href":"https:\/\/tiroalba.com\/index.php?rest_route=\/wp\/v2\/users\/1"}],"replies":[{"embeddable":true,"href":"https:\/\/tiroalba.com\/index.php?rest_route=%2Fwp%2Fv2%2Fcomments&post=2259"}],"version-history":[{"count":1,"href":"https:\/\/tiroalba.com\/index.php?rest_route=\/wp\/v2\/pages\/2259\/revisions"}],"predecessor-version":[{"id":2260,"href":"https:\/\/tiroalba.com\/index.php?rest_route=\/wp\/v2\/pages\/2259\/revisions\/2260"}],"wp:attachment":[{"href":"https:\/\/tiroalba.com\/index.php?rest_route=%2Fwp%2Fv2%2Fmedia&parent=2259"}],"curies":[{"name":"wp","href":"https:\/\/api.w.org\/{rel}","templated":true}]}}