{"id":2261,"date":"2016-02-16T00:18:57","date_gmt":"2016-02-15T23:18:57","guid":{"rendered":"http:\/\/tiroalba.com\/?page_id=2261"},"modified":"2016-02-16T00:28:27","modified_gmt":"2016-02-15T23:28:27","slug":"politica-de-proteccion-de-datos-de-esta-web","status":"publish","type":"page","link":"https:\/\/tiroalba.com\/?page_id=2261","title":{"rendered":"POL\u00cdTICA DE PROTECCI\u00d3N DE DATOS DE ESTA WEB"},"content":{"rendered":"<p align=\"justify\"><span style=\"font-family: Times New Roman,serif;\"><span style=\"font-size: medium;\"><span style=\"color: #000000;\"><b>POL\u00cdTICA DE PROTECCI\u00d3N DE DATOS<\/b><\/span><\/span><\/span><\/p>\n<p align=\"justify\"><span style=\"font-family: Times New Roman,serif;\"><span style=\"font-size: medium;\"><span style=\"color: #000000;\"><b>1. PRINCIPIO DE INFORMACI\u00d3N<\/b><\/span><\/span><\/span><\/p>\n<p align=\"justify\"><span style=\"font-family: Times New Roman,serif;\"><span style=\"font-size: medium;\"><span style=\"color: #000000;\">De conformidad con lo establecido en el art\u00edculo 5 de la Ley Org\u00e1nica 15\/1999, de<\/span> <span style=\"color: #000000;\">13 de Diciembre, de Protecci\u00f3n de Datos de Car\u00e1cter Personal, le informamos que los datos de car\u00e1cter personal que voluntariamente nos facilite a trav\u00e9s de los formularios dispuestos al efecto en nuestro Sitio Web o en cualesquier otro canal de recogida de los mismos, ser\u00e1n incorporados a los ficheros responsabilidad de <\/span><span style=\"color: #282828;\">CLUB ALBACETENSE DE TIRO DE <\/span><span style=\"color: #282828;\">PRECISI\u00d3N<\/span><span style=\"color: #000000;\">, con la finalidad de atender a su consulta y\/o solicitud y para la gesti\u00f3n interna de la empresa.<\/span><\/span><\/span><\/p>\n<p align=\"justify\"><span style=\"font-family: Times New Roman,serif;\"><span style=\"font-size: medium;\"><span style=\"color: #000000;\">De igual manera, sus datos podr\u00e1n ser utilizados con la finalidad de enviarle<\/span> <span style=\"color: #000000;\">informaci\u00f3n sobre productos y servicios de <\/span><span style=\"color: #282828;\">CLUB ALBACETENSE DE TIRO DE <\/span><span style=\"color: #282828;\">PRECISI\u00d3N<\/span> <span style=\"color: #000000;\">que pudieran ser de su inter\u00e9s, ya sea a trav\u00e9s del correo postal ordinario o a trav\u00e9s del correo electr\u00f3nico u otros medios electr\u00f3nicos equivalentes (SMS\/MMS).<\/span><\/span><\/span><\/p>\n<p align=\"justify\"><span style=\"font-family: Times New Roman,serif;\"><span style=\"font-size: medium;\"><span style=\"color: #000000;\">Sus datos podr\u00e1n ser cedidos en todos aquellos casos en que sea necesaria la<\/span> <span style=\"color: #000000;\">conexi\u00f3n con un tercero para atender a su consulta y\/o solicitud.<\/span><\/span><\/span><\/p>\n<p align=\"justify\"><span style=\"font-family: Times New Roman,serif;\"><span style=\"font-size: medium;\"><span style=\"color: #000000;\"><b>2. PRINCIPIO DEL CONSENTIMIENTO<\/b><\/span><\/span><\/span><\/p>\n<p align=\"justify\"><span style=\"font-family: Times New Roman,serif;\"><span style=\"font-size: medium;\"><span style=\"color: #000000;\">El consentimiento se entender\u00e1 prestado en tanto no nos comunique expresamente<\/span> <span style=\"color: #000000;\">la revocaci\u00f3n del mismo a alguno de los tratamientos y\/o cesiones indicados anteriormente.<\/span><\/span><\/span><\/p>\n<p align=\"justify\"><span style=\"font-family: Times New Roman,serif;\"><span style=\"font-size: medium;\"><span style=\"color: #000000;\"><b>3. CAR\u00c1CTER OBLIGATORIO DE LOS DATOS SOLICITADOS<\/b><\/span><\/span><\/span><\/p>\n<p align=\"justify\"><span style=\"font-family: Times New Roman,serif;\"><span style=\"font-size: medium;\"><span style=\"color: #000000;\">La cumplimentaci\u00f3n de cada uno de los campos que aparecen en los formularios<\/span> <span style=\"color: #000000;\">dispuestos al efecto en nuestro Sitio Web tienen car\u00e1cter obligatorio. En caso de no suministrar los datos solicitados en los mismos, no podremos atender su consulta y\/o solicitud.<\/span><\/span><\/span><\/p>\n<p align=\"justify\"><span style=\"font-family: Times New Roman,serif;\"><span style=\"font-size: medium;\"><span style=\"color: #000000;\"><b>4. PRINCIPIO DE CALIDAD DE LOS DATOS<\/b><\/span><\/span><\/span><\/p>\n<p align=\"justify\"><span style=\"font-family: Times New Roman,serif;\"><span style=\"font-size: medium;\"><span style=\"color: #000000;\">El usuario ser\u00e1 el \u00fanico responsable de la veracidad y exactitud de los datos<\/span> <span style=\"color: #000000;\">aportados, actuando <\/span><span style=\"color: #282828;\">CLUB ALBACETENSE DE TIRO DE <\/span><span style=\"color: #282828;\">PRECISI\u00d3N<\/span> <span style=\"color: #000000;\">de buena fe como mero prestador del servicio. En caso de haber facilitado datos falsos o de terceras personas sin mediar su consentimiento para ello, <\/span><span style=\"color: #282828;\">CLUB ALBACETENSE DE TIRO DE <\/span><span style=\"color: #282828;\">PRECISI\u00d3N<\/span> <span style=\"color: #000000;\">se reserva el derecho a la destrucci\u00f3n inmediata de los citados datos a fin de proteger el derecho del titular o titulares de los mismos.<\/span><\/span><\/span><\/p>\n<p align=\"justify\"><span style=\"font-family: Times New Roman,serif;\"><span style=\"font-size: medium;\"><span style=\"color: #000000;\">As\u00ed mismo, es Pol\u00edtica del Sitio Web de <\/span><span style=\"color: #282828;\">CLUB ALBACETENSE DE TIRO DE <\/span><span style=\"color: #282828;\">PRECISI\u00d3N<\/span><\/span><\/span><\/p>\n<p align=\"justify\"><span style=\"font-family: Times New Roman,serif;\"><span style=\"font-size: medium;\"><span style=\"color: #000000;\">no recabar ni tratar datos de personas menores de catorce a\u00f1os. En caso de que<\/span> <span style=\"color: #000000;\">una persona menor de dicha edad facilite sus datos a trav\u00e9s del formulario de contacto dispuesto al efecto en el Sitio Web de <\/span><span style=\"color: #282828;\">CLUB ALBACETENSE DE TIRO DE <\/span><span style=\"color: #282828;\">PRECISI\u00d3N<\/span> <span style=\"color: #000000;\">o a trav\u00e9s de cualquier otro medio, <\/span><span style=\"color: #282828;\">CLUB ALBACETENSE DE TIRO DE<\/span><\/span><\/span><\/p>\n<p align=\"justify\"><span style=\"font-family: Times New Roman,serif;\"><span style=\"font-size: medium;\"><span style=\"color: #282828;\">PRECISI\u00d3N<\/span> <span style=\"color: #000000;\">se reserva el derecho a la destrucci\u00f3n inmediata de los citados datos.<\/span><\/span><\/span><\/p>\n<p align=\"justify\"><span style=\"font-family: Times New Roman,serif;\"><span style=\"font-size: medium;\"><span style=\"color: #000000;\">El usuario se compromete a comunicar a <\/span><span style=\"color: #282828;\">CLUB ALBACETENSE DE TIRO DE<\/span> <span style=\"color: #282828;\"><span style=\"font-family: DejaVuSans,serif;\"><span style=\"font-size: small;\">PRECISI\u00d3N<\/span><\/span><\/span> <span style=\"color: #000000;\">cualquier modificaci\u00f3n que se produzca en los datos aportados, a fin de poder mantenerlos debidamente actualizados.<\/span><\/span><\/span><\/p>\n<p align=\"justify\"><span style=\"font-family: Times New Roman,serif;\"><span style=\"font-size: medium;\"><span style=\"color: #000000;\"><b>5. PRINCIPIO DE SEGURIDAD DE LOS DATOS<\/b><\/span><\/span><\/span><\/p>\n<p align=\"justify\"><span style=\"font-family: Times New Roman,serif;\"><span style=\"font-size: medium;\"><span style=\"color: #282828;\">CLUB ALBACETENSE DE TIRO DE <\/span><span style=\"color: #282828;\">PRECISI\u00d3N<\/span> <span style=\"color: #000000;\">se compromete al cumplimiento de su<\/span> <span style=\"color: #000000;\">obligaci\u00f3n de secreto de los datos de car\u00e1cter personal y de su deber de guardarlos y adoptar\u00e1 todas las medidas de \u00edndole t\u00e9cnica y organizativa que para garantizar la seguridad de los datos de car\u00e1cter personal y evitar su alteraci\u00f3n, p\u00e9rdida, tratamiento o acceso no autorizado, habida cuenta del estado de la tecnolog\u00eda, la naturaleza de los datos almacenados y los riesgos a que est\u00e9n expuestos, todo ello de conformidad con lo establecido en el Real Decreto 1720\/2007, de 21 de diciembre.<\/span><\/span><\/span><\/p>\n<p align=\"justify\"><span style=\"font-family: Times New Roman,serif;\"><span style=\"font-size: medium;\"><span style=\"color: #000000;\"><b>6. EJERCICIO DE DERECHOS<\/b><\/span><\/span><\/span><\/p>\n<p align=\"justify\"><span style=\"font-family: Times New Roman,serif;\"><span style=\"font-size: medium;\"><span style=\"color: #000000;\">De acuerdo con la Ley Org\u00e1nica 15\/1999, de 13 de diciembre y normativa<\/span> <span style=\"color: #000000;\">complementaria, usted podr\u00e1 ejercitar sus derechos de acceso, rectificaci\u00f3n, cancelaci\u00f3n y oposici\u00f3n, remitiendo un escrito a la siguiente direcci\u00f3n: <\/span><span style=\"color: #282828;\">CLUB ALBACETENSE DE TIRO DE <\/span><span style=\"color: #282828;\">PRECISI\u00d3N<\/span><span style=\"color: #000000;\">, Ctra. Madrid, km 2,14, s\/n. Apartado de Correos 569 02080 Albacete, adjuntando fotocopia de su DNI.<\/span><\/span><\/span><\/p>\n<p align=\"justify\"><span style=\"font-family: Times New Roman,serif;\"><span style=\"font-size: medium;\"><span style=\"color: #000000;\"><b>7. CAMBIOS EN NUESTRA POL\u00cdTICA DE PROTECCI\u00d3N DE DATOS<\/b><\/span><\/span><\/span><\/p>\n<p align=\"justify\"><span style=\"font-family: Times New Roman,serif;\"><span style=\"font-size: medium;\"><span style=\"color: #000000;\">No obstante todo lo anterior, es nuestro compromiso que cualquier cambio en nuestra Pol\u00edtica de Protecci\u00f3n de Datos ser\u00e1 inmediatamente advertido, a trav\u00e9s del presente Sitio Web, incluyendo la oportuna rectificaci\u00f3n en este apartado. <\/span><\/span><\/span><\/p>\n<ul style=\"list-style-type: circle;\">\n<li><span style=\"font-family: Times New Roman,serif;\"><span style=\"font-size: medium;\"><span style=\"color: #000000;\">H<\/span><span style=\"color: #000000;\">e le\u00eddo y doy mi consentimiento a la Pol\u00edtica de Protecci\u00f3n de Datos del Sitio Web.<\/span><\/span><\/span><\/li>\n<\/ul>\n","protected":false},"excerpt":{"rendered":"<p>POL\u00cdTICA DE PROTECCI\u00d3N DE DATOS 1. PRINCIPIO DE INFORMACI\u00d3N De conformidad con lo establecido en el art\u00edculo 5 de la Ley Org\u00e1nica 15\/1999, de 13 de Diciembre, de Protecci\u00f3n de Datos de Car\u00e1cter Personal, le informamos que los datos de car\u00e1cter personal que voluntariamente nos facilite a trav\u00e9s de los formularios dispuestos al efecto en [&hellip;]<\/p>\n","protected":false},"author":1,"featured_media":0,"parent":0,"menu_order":0,"comment_status":"closed","ping_status":"closed","template":"","meta":{"footnotes":""},"class_list":["post-2261","page","type-page","status-publish","hentry"],"_links":{"self":[{"href":"https:\/\/tiroalba.com\/index.php?rest_route=\/wp\/v2\/pages\/2261","targetHints":{"allow":["GET"]}}],"collection":[{"href":"https:\/\/tiroalba.com\/index.php?rest_route=\/wp\/v2\/pages"}],"about":[{"href":"https:\/\/tiroalba.com\/index.php?rest_route=\/wp\/v2\/types\/page"}],"author":[{"embeddable":true,"href":"https:\/\/tiroalba.com\/index.php?rest_route=\/wp\/v2\/users\/1"}],"replies":[{"embeddable":true,"href":"https:\/\/tiroalba.com\/index.php?rest_route=%2Fwp%2Fv2%2Fcomments&post=2261"}],"version-history":[{"count":3,"href":"https:\/\/tiroalba.com\/index.php?rest_route=\/wp\/v2\/pages\/2261\/revisions"}],"predecessor-version":[{"id":2270,"href":"https:\/\/tiroalba.com\/index.php?rest_route=\/wp\/v2\/pages\/2261\/revisions\/2270"}],"wp:attachment":[{"href":"https:\/\/tiroalba.com\/index.php?rest_route=%2Fwp%2Fv2%2Fmedia&parent=2261"}],"curies":[{"name":"wp","href":"https:\/\/api.w.org\/{rel}","templated":true}]}}