{"id":2661,"date":"2017-01-16T17:02:33","date_gmt":"2017-01-16T16:02:33","guid":{"rendered":"http:\/\/tiroalba.com\/?page_id=2661"},"modified":"2017-01-16T17:02:33","modified_gmt":"2017-01-16T16:02:33","slug":"boletines-catp-2015","status":"publish","type":"page","link":"https:\/\/tiroalba.com\/?page_id=2661","title":{"rendered":"Boletines CATP 2015"},"content":{"rendered":"<p><a href=\"http:\/\/tiroalba.com\/wp-content\/uploads\/2015\/03\/boletin-marzo-15-2.pdf\">2015 Bolet\u00edn Marzo-2<br \/>\n<\/a><a href=\"http:\/\/tiroalba.com\/wp-content\/uploads\/2015\/12\/boletin-junio-15-1.pdf\">2015 Bolet\u00edn junio 15-1<\/a><br \/>\n<a href=\"http:\/\/tiroalba.com\/wp-content\/uploads\/2015\/12\/boletin-junio-15-2.pdf\">2015 Bolet\u00edn junio 15-2<\/a><br \/>\n<a href=\"http:\/\/tiroalba.com\/wp-content\/uploads\/2015\/12\/boletin-Septiembre-15-1.pdf\">2015 Bolet\u00edn Septiembre 15-1<\/a><br \/>\n<a href=\"http:\/\/tiroalba.com\/wp-content\/uploads\/2015\/12\/boletin-Septiembre-15-2.pdf\">2015 Bolet\u00edn Septiembre 15-2<\/a><br \/>\n<a href=\"http:\/\/tiroalba.com\/wp-content\/uploads\/2015\/12\/boletin-diciembre-15-1.pdf\">2015 Bolet\u00edn diciembre 15-1<\/a><br \/>\n<a href=\"http:\/\/tiroalba.com\/wp-content\/uploads\/2015\/12\/boletin-Diciembre-15-2.pdf\">2015 Bolet\u00edn Diciembre 15-2<\/a><\/p>\n","protected":false},"excerpt":{"rendered":"<p>2015 Bolet\u00edn Marzo-2 2015 Bolet\u00edn junio 15-1 2015 Bolet\u00edn junio 15-2 2015 Bolet\u00edn Septiembre 15-1 2015 Bolet\u00edn Septiembre 15-2 2015 Bolet\u00edn diciembre 15-1 2015 Bolet\u00edn Diciembre 15-2<\/p>\n","protected":false},"author":1,"featured_media":0,"parent":0,"menu_order":0,"comment_status":"closed","ping_status":"closed","template":"","meta":{"footnotes":""},"class_list":["post-2661","page","type-page","status-publish","hentry"],"_links":{"self":[{"href":"https:\/\/tiroalba.com\/index.php?rest_route=\/wp\/v2\/pages\/2661","targetHints":{"allow":["GET"]}}],"collection":[{"href":"https:\/\/tiroalba.com\/index.php?rest_route=\/wp\/v2\/pages"}],"about":[{"href":"https:\/\/tiroalba.com\/index.php?rest_route=\/wp\/v2\/types\/page"}],"author":[{"embeddable":true,"href":"https:\/\/tiroalba.com\/index.php?rest_route=\/wp\/v2\/users\/1"}],"replies":[{"embeddable":true,"href":"https:\/\/tiroalba.com\/index.php?rest_route=%2Fwp%2Fv2%2Fcomments&post=2661"}],"version-history":[{"count":1,"href":"https:\/\/tiroalba.com\/index.php?rest_route=\/wp\/v2\/pages\/2661\/revisions"}],"predecessor-version":[{"id":2662,"href":"https:\/\/tiroalba.com\/index.php?rest_route=\/wp\/v2\/pages\/2661\/revisions\/2662"}],"wp:attachment":[{"href":"https:\/\/tiroalba.com\/index.php?rest_route=%2Fwp%2Fv2%2Fmedia&parent=2661"}],"curies":[{"name":"wp","href":"https:\/\/api.w.org\/{rel}","templated":true}]}}