{"id":2701,"date":"2017-02-08T10:01:10","date_gmt":"2017-02-08T09:01:10","guid":{"rendered":"http:\/\/tiroalba.com\/?page_id=2701"},"modified":"2017-04-23T18:09:25","modified_gmt":"2017-04-23T16:09:25","slug":"poster-de-las-modalidades-olimpicas-de-tiro","status":"publish","type":"page","link":"https:\/\/tiroalba.com\/?page_id=2701","title":{"rendered":"P\u00f3ster Disciplinas de Tiro"},"content":{"rendered":"<p>&nbsp;<\/p>\n<p>&nbsp;<\/p>\n<p>En breve se pondr\u00e1n los p\u00f3ster con todas las disciplinas en las modalidades de: Ol\u00edmpicas, Deportivas e hist\u00f3ricas.<\/p>\n<p>&nbsp;<\/p>\n","protected":false},"excerpt":{"rendered":"<p>&nbsp; &nbsp; En breve se pondr\u00e1n los p\u00f3ster con todas las disciplinas en las modalidades de: Ol\u00edmpicas, Deportivas e hist\u00f3ricas. &nbsp;<\/p>\n","protected":false},"author":1,"featured_media":0,"parent":0,"menu_order":0,"comment_status":"closed","ping_status":"closed","template":"","meta":{"footnotes":""},"class_list":["post-2701","page","type-page","status-publish","hentry"],"_links":{"self":[{"href":"https:\/\/tiroalba.com\/index.php?rest_route=\/wp\/v2\/pages\/2701","targetHints":{"allow":["GET"]}}],"collection":[{"href":"https:\/\/tiroalba.com\/index.php?rest_route=\/wp\/v2\/pages"}],"about":[{"href":"https:\/\/tiroalba.com\/index.php?rest_route=\/wp\/v2\/types\/page"}],"author":[{"embeddable":true,"href":"https:\/\/tiroalba.com\/index.php?rest_route=\/wp\/v2\/users\/1"}],"replies":[{"embeddable":true,"href":"https:\/\/tiroalba.com\/index.php?rest_route=%2Fwp%2Fv2%2Fcomments&post=2701"}],"version-history":[{"count":18,"href":"https:\/\/tiroalba.com\/index.php?rest_route=\/wp\/v2\/pages\/2701\/revisions"}],"predecessor-version":[{"id":3087,"href":"https:\/\/tiroalba.com\/index.php?rest_route=\/wp\/v2\/pages\/2701\/revisions\/3087"}],"wp:attachment":[{"href":"https:\/\/tiroalba.com\/index.php?rest_route=%2Fwp%2Fv2%2Fmedia&parent=2701"}],"curies":[{"name":"wp","href":"https:\/\/api.w.org\/{rel}","templated":true}]}}