{"id":2749,"date":"2017-02-21T23:06:36","date_gmt":"2017-02-21T22:06:36","guid":{"rendered":"http:\/\/tiroalba.com\/?page_id=2749"},"modified":"2017-11-12T23:22:25","modified_gmt":"2017-11-12T22:22:25","slug":"boletines-catp-2017","status":"publish","type":"page","link":"https:\/\/tiroalba.com\/?page_id=2749","title":{"rendered":"Boletines CATP 2017"},"content":{"rendered":"<p>&nbsp;<\/p>\n<table>\n<tbody>\n<tr>\n<td><img decoding=\"async\" class=\"wp-image-3157 alignleft\" src=\"http:\/\/tiroalba.com\/wp-content\/uploads\/2017\/06\/Cabecera-Boletin-CATP-1024x415.png\" alt=\"\" width=\"797\" height=\"323\" srcset=\"https:\/\/tiroalba.com\/wp-content\/uploads\/2017\/06\/Cabecera-Boletin-CATP-1024x415.png 1024w, https:\/\/tiroalba.com\/wp-content\/uploads\/2017\/06\/Cabecera-Boletin-CATP-300x122.png 300w, https:\/\/tiroalba.com\/wp-content\/uploads\/2017\/06\/Cabecera-Boletin-CATP-768x311.png 768w\" sizes=\"(max-width: 797px) 100vw, 797px\" \/><\/td>\n<\/tr>\n<tr>\n<td><a href=\"http:\/\/tiroalba.com\/wp-content\/uploads\/2017\/06\/boletin-junio-17-1.pdf\">2017 Bolet\u00edn\u00a0 junio-1<\/a><\/p>\n<p><a href=\"http:\/\/tiroalba.com\/wp-content\/uploads\/2017\/06\/boletin-junio-17-2.pdf\">2017-Bolet\u00edn junio-2<\/a><\/p>\n<p><a href=\"http:\/\/tiroalba.com\/wp-content\/uploads\/2017\/02\/boletin-Marzo-17-1.pdf\">2017 Bolet\u00edn marzo-1<\/a><\/p>\n<p><a href=\"http:\/\/tiroalba.com\/wp-content\/uploads\/2017\/02\/boletin-marzo-17-2.pdf\">2017 Bolet\u00edn marzo-2<\/a><\/p>\n<p><a href=\"http:\/\/tiroalba.com\/wp-content\/uploads\/2017\/11\/boletin-Septiembre-17-1.pdf\">2017 Bolet\u00edn septiembre-1<\/a><\/p>\n<p><a href=\"http:\/\/tiroalba.com\/wp-content\/uploads\/2017\/11\/boletinSeptiembre-17-2.pdf\">2017 Bolet\u00edn septiembre-2<\/a><\/p>\n<p><a href=\"http:\/\/tiroalba.com\/wp-content\/uploads\/2017\/11\/boletin-diciembre-17-1.pdf\">2017 Bolet\u00edn diciembre-1<\/a><\/p>\n<p><a href=\"http:\/\/tiroalba.com\/wp-content\/uploads\/2017\/11\/boletin-diciembre-17-2.pdf\">2017 Bolet\u00edn diciembre-2<\/a><\/td>\n<\/tr>\n<\/tbody>\n<\/table>\n<p>&nbsp;<\/p>\n","protected":false},"excerpt":{"rendered":"<p>&nbsp; 2017 Bolet\u00edn\u00a0 junio-1 2017-Bolet\u00edn junio-2 2017 Bolet\u00edn marzo-1 2017 Bolet\u00edn marzo-2 2017 Bolet\u00edn septiembre-1 2017 Bolet\u00edn septiembre-2 2017 Bolet\u00edn diciembre-1 2017 Bolet\u00edn diciembre-2 &nbsp;<\/p>\n","protected":false},"author":1,"featured_media":3157,"parent":0,"menu_order":0,"comment_status":"closed","ping_status":"closed","template":"","meta":{"footnotes":""},"class_list":["post-2749","page","type-page","status-publish","has-post-thumbnail","hentry"],"_links":{"self":[{"href":"https:\/\/tiroalba.com\/index.php?rest_route=\/wp\/v2\/pages\/2749","targetHints":{"allow":["GET"]}}],"collection":[{"href":"https:\/\/tiroalba.com\/index.php?rest_route=\/wp\/v2\/pages"}],"about":[{"href":"https:\/\/tiroalba.com\/index.php?rest_route=\/wp\/v2\/types\/page"}],"author":[{"embeddable":true,"href":"https:\/\/tiroalba.com\/index.php?rest_route=\/wp\/v2\/users\/1"}],"replies":[{"embeddable":true,"href":"https:\/\/tiroalba.com\/index.php?rest_route=%2Fwp%2Fv2%2Fcomments&post=2749"}],"version-history":[{"count":10,"href":"https:\/\/tiroalba.com\/index.php?rest_route=\/wp\/v2\/pages\/2749\/revisions"}],"predecessor-version":[{"id":3323,"href":"https:\/\/tiroalba.com\/index.php?rest_route=\/wp\/v2\/pages\/2749\/revisions\/3323"}],"wp:featuredmedia":[{"embeddable":true,"href":"https:\/\/tiroalba.com\/index.php?rest_route=\/wp\/v2\/media\/3157"}],"wp:attachment":[{"href":"https:\/\/tiroalba.com\/index.php?rest_route=%2Fwp%2Fv2%2Fmedia&parent=2749"}],"curies":[{"name":"wp","href":"https:\/\/api.w.org\/{rel}","templated":true}]}}