{"id":31,"date":"2013-11-21T22:31:17","date_gmt":"2013-11-21T22:31:17","guid":{"rendered":"http:\/\/tiroalba.com\/?page_id=31"},"modified":"2013-12-08T09:34:37","modified_gmt":"2013-12-08T08:34:37","slug":"historia-del-club","status":"publish","type":"page","link":"https:\/\/tiroalba.com\/?page_id=31","title":{"rendered":"Historia del Club"},"content":{"rendered":"<p style=\"text-align: center;\"><img decoding=\"async\" class=\"aligncenter\" alt=\"\" src=\"http:\/\/tiroalba.com\/wp-content\/uploads\/2013\/11\/BANNER-TIRO-1024x124.jpg\" width=\"1024\" height=\"124\" \/><\/p>\n<p lang=\"es-ES\">\u00a0A finales de los a\u00f1os setenta, en Albacete, en la casa del deporte, sita en la calle Tetu\u00e1n estaba la sede de la Federaci\u00f3n Provincial de Tiro Ol\u00edmpico a la que se afiliaron un reducido n\u00famero de personas. Al frente de la Federaci\u00f3n estaba Leopoldo y Antonio como secretario. Como Presidente de plato, el hermano de Leopoldo, Paco<\/p>\n<p lang=\"es-ES\">La Federaci\u00f3n no dispon\u00eda de instalaciones propias. Inicialmente los tiradores practicaban en los \u201cYesares\u201d. Transcurrido un tiempo, un socio, cedi\u00f3 unos terrenos en Chinchilla de Montearag\u00f3n y en esos areneros se practic\u00f3 el tiro de precisi\u00f3n.<\/p>\n<p lang=\"es-ES\" align=\"JUSTIFY\">\u00a0Hacia el 1982 los terrenos se devolvieron al propietario coincidiendo pr\u00e1cticamente con la autorizaci\u00f3n de los Clubes de tiro.<\/p>\n<p lang=\"es-ES\" align=\"JUSTIFY\">Ya sin campo de tiro donde practicar, un peque\u00f1o grupo de socios empez\u00f3 a buscar terrenos, se hacen los estatutos y se solicitan las autorizaciones para constituir un Club de Tiro. El 05\/12\/1981 se decide la constituci\u00f3n del Club<\/p>\n<p lang=\"es-ES\" align=\"JUSTIFY\">En 1983 se forma el Club Albacetense de Tiro de Precisi\u00f3n y entre un terreno ubicado en la carretera de Ja\u00e9n y el ubicado en el Paraje Casa Navarro, se opta por este \u00faltimo, donde actualmente se encuentra el Club.<\/p>\n<p lang=\"es-ES\" align=\"JUSTIFY\">Los tiradores de precisi\u00f3n alquilan un local, siendo a\u00fan Federaci\u00f3n Provincial, para las oficinas, siendo presidente, D. Juan Jos\u00e9 Prieto, donde se gestiona toda la burocracia, en la calle Pablo Medina (encima de Iberdrola). Las oficinas pasaron despu\u00e9s a la calle San Agust\u00edn y posteriormente a la calle Concejal Castillo.<\/p>\n<p lang=\"es-ES\" align=\"JUSTIFY\">Ya como Club la presidencia la ocupa D. David Gonzalez<\/p>\n<p lang=\"es-ES\" align=\"JUSTIFY\">Con varias derramas se consigue empezar las obras del Club y con el trabajo personal de muchos socios se montan puestos de tiro, se plantan \u00e1rboles, se pinta, etc.<\/p>\n<p lang=\"es-ES\" align=\"JUSTIFY\">Los Presidentes del Club, por orden cronol\u00f3gico: D. David Gonzalez, D. Roberto S\u00e1nchez, D. Jer\u00f3nimo Ram\u00edrez y D. Faustino Pi\u00f1\u00e1n.<\/p>\n","protected":false},"excerpt":{"rendered":"<p>\u00a0A finales de los a\u00f1os setenta, en Albacete, en la casa del deporte, sita en la calle Tetu\u00e1n estaba la sede de la Federaci\u00f3n Provincial de Tiro Ol\u00edmpico a la que se afiliaron un reducido n\u00famero de personas. Al frente de la Federaci\u00f3n estaba Leopoldo y Antonio como secretario. Como Presidente de plato, el hermano [&hellip;]<\/p>\n","protected":false},"author":1,"featured_media":0,"parent":0,"menu_order":0,"comment_status":"open","ping_status":"closed","template":"","meta":{"footnotes":""},"class_list":["post-31","page","type-page","status-publish","hentry"],"_links":{"self":[{"href":"https:\/\/tiroalba.com\/index.php?rest_route=\/wp\/v2\/pages\/31","targetHints":{"allow":["GET"]}}],"collection":[{"href":"https:\/\/tiroalba.com\/index.php?rest_route=\/wp\/v2\/pages"}],"about":[{"href":"https:\/\/tiroalba.com\/index.php?rest_route=\/wp\/v2\/types\/page"}],"author":[{"embeddable":true,"href":"https:\/\/tiroalba.com\/index.php?rest_route=\/wp\/v2\/users\/1"}],"replies":[{"embeddable":true,"href":"https:\/\/tiroalba.com\/index.php?rest_route=%2Fwp%2Fv2%2Fcomments&post=31"}],"version-history":[{"count":14,"href":"https:\/\/tiroalba.com\/index.php?rest_route=\/wp\/v2\/pages\/31\/revisions"}],"predecessor-version":[{"id":965,"href":"https:\/\/tiroalba.com\/index.php?rest_route=\/wp\/v2\/pages\/31\/revisions\/965"}],"wp:attachment":[{"href":"https:\/\/tiroalba.com\/index.php?rest_route=%2Fwp%2Fv2%2Fmedia&parent=31"}],"curies":[{"name":"wp","href":"https:\/\/api.w.org\/{rel}","templated":true}]}}