{"id":317,"date":"2013-11-23T17:06:36","date_gmt":"2013-11-23T16:06:36","guid":{"rendered":"http:\/\/tiroalba.com\/?page_id=317"},"modified":"2025-02-02T17:58:39","modified_gmt":"2025-02-02T16:58:39","slug":"calendarios","status":"publish","type":"page","link":"https:\/\/tiroalba.com\/?page_id=317","title":{"rendered":"Calendarios"},"content":{"rendered":"<p><a href=\"https:\/\/tiroalba.com\/wp-content\/uploads\/2025\/02\/Calendario-deportivo.pdf\">Calendario Deportivo CATP 2025 (PDF)<\/a><\/p>\n<p><a href=\"http:\/\/www.tirolimpico.org\/apps\/displayFile\/es\/RFEDETO\/public\/pages\/actividad-deportiva.cms_xhtml\">Enlace directo a los calendarios Real Federaci\u00f3n Espa\u00f1ola de Tiro Ol\u00edmpico<br \/><\/a><\/p>\n\n\n<p><\/p>\n","protected":false},"excerpt":{"rendered":"<p>Calendario Deportivo CATP 2025 (PDF) Enlace directo a los calendarios Real Federaci\u00f3n Espa\u00f1ola de Tiro Ol\u00edmpico<\/p>\n","protected":false},"author":1,"featured_media":0,"parent":0,"menu_order":0,"comment_status":"open","ping_status":"open","template":"","meta":{"footnotes":""},"class_list":["post-317","page","type-page","status-publish","hentry"],"_links":{"self":[{"href":"https:\/\/tiroalba.com\/index.php?rest_route=\/wp\/v2\/pages\/317","targetHints":{"allow":["GET"]}}],"collection":[{"href":"https:\/\/tiroalba.com\/index.php?rest_route=\/wp\/v2\/pages"}],"about":[{"href":"https:\/\/tiroalba.com\/index.php?rest_route=\/wp\/v2\/types\/page"}],"author":[{"embeddable":true,"href":"https:\/\/tiroalba.com\/index.php?rest_route=\/wp\/v2\/users\/1"}],"replies":[{"embeddable":true,"href":"https:\/\/tiroalba.com\/index.php?rest_route=%2Fwp%2Fv2%2Fcomments&post=317"}],"version-history":[{"count":38,"href":"https:\/\/tiroalba.com\/index.php?rest_route=\/wp\/v2\/pages\/317\/revisions"}],"predecessor-version":[{"id":4871,"href":"https:\/\/tiroalba.com\/index.php?rest_route=\/wp\/v2\/pages\/317\/revisions\/4871"}],"wp:attachment":[{"href":"https:\/\/tiroalba.com\/index.php?rest_route=%2Fwp%2Fv2%2Fmedia&parent=317"}],"curies":[{"name":"wp","href":"https:\/\/api.w.org\/{rel}","templated":true}]}}