{"id":3642,"date":"2018-10-12T10:16:10","date_gmt":"2018-10-12T08:16:10","guid":{"rendered":"http:\/\/tiroalba.com\/?page_id=3642"},"modified":"2019-02-10T11:49:23","modified_gmt":"2019-02-10T10:49:23","slug":"boletines-informativos-catp-2018","status":"publish","type":"page","link":"https:\/\/tiroalba.com\/?page_id=3642","title":{"rendered":"Boletines CATP 2018"},"content":{"rendered":"<p><img decoding=\"async\" class=\"wp-image-3157 alignleft\" src=\"http:\/\/tiroalba.com\/wp-content\/uploads\/2017\/06\/Cabecera-Boletin-CATP-1024x415.png\" alt=\"\" width=\"797\" height=\"323\" srcset=\"https:\/\/tiroalba.com\/wp-content\/uploads\/2017\/06\/Cabecera-Boletin-CATP-1024x415.png 1024w, https:\/\/tiroalba.com\/wp-content\/uploads\/2017\/06\/Cabecera-Boletin-CATP-300x122.png 300w, https:\/\/tiroalba.com\/wp-content\/uploads\/2017\/06\/Cabecera-Boletin-CATP-768x311.png 768w\" sizes=\"(max-width: 797px) 100vw, 797px\" \/><\/p>\n<p><\/p>\n\n\n\n<p>\u00a0<\/p>\n<p>\u00a0<\/p>\n<p>\u00a0<\/p>\n<p>\u00a0<\/p>\n<p>\u00a0<\/p>\n<p>\u00a0<\/p>\n<p>\u00a0<\/p>\n<p>\u00a0<\/p>\n<p>\u00a0<\/p>\n<p>\u00a0<\/p>\n<p>\u00a0<\/p>\n<p>\u00a0<\/p>\n<p><a href=\"http:\/\/tiroalba.com\/wp-content\/uploads\/2018\/10\/boletin-junio-18-1.pdf\">2018 Bolet\u00edn junio-1<\/a><\/p>\n<p><a href=\"http:\/\/tiroalba.com\/wp-content\/uploads\/2018\/10\/boletin-junio-18-2.pdf\">2018 Bolet\u00edn junio-2<\/a><\/p>\n<p><a href=\"http:\/\/tiroalba.com\/wp-content\/uploads\/2018\/10\/boletin-Septiembre-18-1.pdf\">2018 Bolet\u00edn Septiembre-1<\/a><\/p>\n<p><a href=\"http:\/\/tiroalba.com\/wp-content\/uploads\/2018\/10\/boletin-septiembre-18-2.pdf\">2018 Bolet\u00edn septiembre-2<\/a><\/p>\n<p><a href=\"http:\/\/tiroalba.com\/wp-content\/uploads\/2019\/02\/boletin-diciembre-18-1.pdf\">2018 Bolet\u00edn diciembre-1<\/a><\/p>\n<p><a href=\"http:\/\/tiroalba.com\/wp-content\/uploads\/2019\/02\/boletin-diciembre-18-2.pdf\">2018 Bole\u00edn diciembre-2<\/a><\/p>\n\n\n\n\n<p><\/p>\n","protected":false},"excerpt":{"rendered":"<p>\u00a0 \u00a0 \u00a0 \u00a0 \u00a0 \u00a0 \u00a0 \u00a0 \u00a0 \u00a0 \u00a0 \u00a0 2018 Bolet\u00edn junio-1 2018 Bolet\u00edn junio-2 2018 Bolet\u00edn Septiembre-1 2018 Bolet\u00edn septiembre-2 2018 Bolet\u00edn diciembre-1 2018 Bole\u00edn diciembre-2<\/p>\n","protected":false},"author":1,"featured_media":0,"parent":0,"menu_order":0,"comment_status":"closed","ping_status":"closed","template":"","meta":{"footnotes":""},"class_list":["post-3642","page","type-page","status-publish","hentry"],"_links":{"self":[{"href":"https:\/\/tiroalba.com\/index.php?rest_route=\/wp\/v2\/pages\/3642","targetHints":{"allow":["GET"]}}],"collection":[{"href":"https:\/\/tiroalba.com\/index.php?rest_route=\/wp\/v2\/pages"}],"about":[{"href":"https:\/\/tiroalba.com\/index.php?rest_route=\/wp\/v2\/types\/page"}],"author":[{"embeddable":true,"href":"https:\/\/tiroalba.com\/index.php?rest_route=\/wp\/v2\/users\/1"}],"replies":[{"embeddable":true,"href":"https:\/\/tiroalba.com\/index.php?rest_route=%2Fwp%2Fv2%2Fcomments&post=3642"}],"version-history":[{"count":15,"href":"https:\/\/tiroalba.com\/index.php?rest_route=\/wp\/v2\/pages\/3642\/revisions"}],"predecessor-version":[{"id":3844,"href":"https:\/\/tiroalba.com\/index.php?rest_route=\/wp\/v2\/pages\/3642\/revisions\/3844"}],"wp:attachment":[{"href":"https:\/\/tiroalba.com\/index.php?rest_route=%2Fwp%2Fv2%2Fmedia&parent=3642"}],"curies":[{"name":"wp","href":"https:\/\/api.w.org\/{rel}","templated":true}]}}