{"id":38,"date":"2013-11-21T22:33:09","date_gmt":"2013-11-21T22:33:09","guid":{"rendered":"http:\/\/tiroalba.com\/?page_id=38"},"modified":"2013-12-01T21:38:01","modified_gmt":"2013-12-01T20:38:01","slug":"reglamentos","status":"publish","type":"page","link":"https:\/\/tiroalba.com\/?page_id=38","title":{"rendered":"Reglamentos"},"content":{"rendered":"<p style=\"padding-left: 30px;\"><span style=\"color: #000000;\"><strong><strong>\u00a0<\/strong><\/strong><\/span><\/p>\n<table border=\"0\" cellspacing=\"5\" cellpadding=\"5\">\n<tbody>\n<tr>\n<td align=\"center\" valign=\"top\"><\/td>\n<td align=\"left\" valign=\"top\"><span style=\"color: #000000;\"><a href=\"http:\/\/tiroalba.com\/wp-content\/uploads\/2013\/11\/RegArmasHistoricas_2013.pdf\"><span style=\"color: #000000;\"><strong><strong>Extractos De los Reglamentos T\u00e9cnicos<\/strong><\/strong><\/span><\/a><\/span><\/td>\n<\/tr>\n<tr>\n<td style=\"text-align: left;\" colspan=\"2\" align=\"center\" valign=\"top\">1. <a href=\"http:\/\/tiroalba.com\/wp-content\/uploads\/2013\/11\/EXTRACT.REGLAMENTO-DE-P.-NEUMATICA.pdf\">Extracto Del Reglamento De P. Neum\u00e1tica<\/a>.<br \/>\n2. <a href=\"http:\/\/tiroalba.com\/wp-content\/uploads\/2013\/11\/EXTRACT.REGLAMENTO-DE-P.-LIBRE.pdf\">Extracto Del Reglamento De P. Libre.<\/a><br \/>\n3. <a href=\"http:\/\/tiroalba.com\/wp-content\/uploads\/2013\/11\/EXTRACT.REGLAMENTOCARABINANEUM.pdf\">Extracto Del Reglamento De Carabina Neum\u00e1tica.<\/a><br \/>\n4. <a href=\"http:\/\/tiroalba.com\/wp-content\/uploads\/2013\/11\/EXTRACT.REGLAMENTO-DE-P.-STANDARD.pdf\">Extracto Del Reglamento De P. Standard.<\/a><br \/>\n5. <a href=\"http:\/\/tiroalba.com\/wp-content\/uploads\/2013\/11\/EXTRACT.REGLAMENTO-DE-F.-CENTRAL.pdf\">Extracto Del Reglamento De Fuego Central.<\/a><br \/>\n6. <a href=\"http:\/\/tiroalba.com\/wp-content\/uploads\/2013\/11\/EXTRACT.REGLAMENTO-DE-P.-DEPORTIVA.pdf\">Extracto Del Reglamento De P. Deportiva.<\/a><br \/>\n7. <a href=\"http:\/\/tiroalba.com\/wp-content\/uploads\/2013\/11\/EXTRACT.REGLAMENTO-9MM.pdf\">Extracto Del Reglamento De 9mm.<\/a><br \/>\n8. <a href=\"http:\/\/tiroalba.com\/wp-content\/uploads\/2013\/11\/EXTRACT.REGLAMENTOCARABINA50MTS.pdf\">Extracto Del Reglamento De Carabina 50mts.<\/a><br \/>\n9. <a href=\"http:\/\/tiroalba.com\/wp-content\/uploads\/2013\/11\/EXTRACT.REGLAMENTO-DE-ARMAS-HIST\u00d3RICAS.pdf\">Extracto Del Reglamento De Armas Hist\u00f3ricas<\/a>.<\/td>\n<\/tr>\n<tr>\n<td align=\"center\" valign=\"top\"><\/td>\n<td align=\"left\" valign=\"top\">\u00a0<span style=\"color: #000000;\"><strong><strong>Reglamentos T\u00e9cnicos<\/strong><\/strong><\/span><\/td>\n<\/tr>\n<tr>\n<td align=\"center\" valign=\"top\"><span style=\"color: #000000;\">\u00a0<\/span><\/td>\n<td align=\"left\" valign=\"top\"><span style=\"color: #000000;\"><strong>ISSF<\/strong><\/span><\/td>\n<\/tr>\n<\/tbody>\n<\/table>\n<ol>\n<li><a title=\"Reglamento T\u00e9cnico General ISSF\" href=\"http:\/\/www.tirolimpico.org\/apps\/displayFile\/es\/RFEDETO\/public\/documentos\/reglamentos\/RTG2013.pdf\" target=\"_blank\">Reglamento T\u00e9cnico General 2013<\/a><\/li>\n<li><a title=\"Reglamento T\u00e9cnico Especial Fusil Carabina 2009 ISSF\" href=\"http:\/\/www.tirolimpico.org\/apps\/displayFile\/es\/RFEDETO\/public\/documentos\/reglamentos\/RTC2013.pdf\" target=\"_blank\">Reglamento T\u00e9cnico Especial Fusil y Carabina 2013<\/a><strong><\/strong><\/li>\n<li><a title=\"Reglamento T\u00e9cnico Especial Pistola ISSF\" href=\"http:\/\/www.tirolimpico.org\/apps\/displayFile\/es\/RFEDETO\/public\/documentos\/reglamentos\/RTP2013.pdf\" target=\"_blank\">Reglamento T\u00e9cnico Especial Pistola 2013\u00a0<\/a><\/li>\n<li><a title=\"Regalmento T\u00e9cnico Especial Plato 2013 ISSF\" href=\"http:\/\/www.tirolimpico.org\/apps\/displayFile\/es\/RFEDETO\/public\/documentos\/reglamentos\/ReglamentoTecnicoEspecialPlato2013.pdf\" target=\"_blank\">Reglamento T\u00e9cnico Especial Plato 2013<\/a><strong><\/strong><\/li>\n<li><a title=\"Reglamento T\u00e9cnico Especial Blanco M\u00f3vil 2009 ISSF\" href=\"http:\/\/www.tirolimpico.org\/apps\/displayFile\/es\/RFEDETO\/public\/documentos\/reglamentos\/ReglamentoTecnicoEspecialBlancoMovil2009.pdf\" target=\"_blank\">Reglamento T\u00e9cnico Especial Blanco M\u00f3vil 2009<\/a><\/li>\n<li><a title=\"Anexo Regla Finales Pistola Carabina 2011 ISSF\" href=\"http:\/\/www.tirolimpico.org\/apps\/displayFile\/es\/RFEDETO\/public\/documentos\/reglamentos\/Anexo_Finales2011.pdf\" target=\"_blank\">Anexo Regla para Finales (Pistola y Carabina) 2011<\/a><strong><br \/>\n<\/strong><\/li>\n<\/ol>\n<p><strong>NOTA:<\/strong>\u00a0 <a href=\"http:\/\/www.tirolimpico.org\/apps\/displayFile\/es\/RFEDETO\/public\/documentos\/reglamentos\/AclaracionReg_Pr_29052013.pdf\" target=\"_blank\">Aclaraciones e interpretaci\u00f3n de\u00a0Reglamentos Modalidades ISSF<\/a>.\u00a0<strong><strong>FITASC<\/strong> &#8211; <\/strong><a title=\"Reglamento T\u00e9cnico Oficial Foso Universal \" href=\"http:\/\/www.tirolimpico.org\/apps\/displayFile\/es\/RFEDETO\/public\/documentos\/reglamentos\/ReglamentoTecnicoOficialFU_Mod_28-06-2011.pdf\" target=\"_blank\">Reglamento T\u00e9cnico Oficial de Foso Universal <\/a><strong>(Traducci\u00f3n actualizada a 01\/07\/2011)<\/strong>\u00a0<strong>ICFRA<\/strong> &#8211; <a title=\"Reglamento T\u00e9cnico Oficial Rifle Larga Distancia\" href=\"http:\/\/www.tirolimpico.org\/apps\/displayFile\/es\/RFEDETO\/public\/documentos\/reglamentos\/ICFRA.pdf\" target=\"_blank\">Reglamento T\u00e9cnico Oficial de Rifle F-Class<\/a>\u00a0<strong>IPSC<\/strong> &#8211; <a title=\"Reglamento T\u00e9cnico Oficial Recorridos de Tiro\" href=\"http:\/\/www.tirolimpico.org\/apps\/displayFile\/es\/RFEDETO\/public\/documentos\/reglamentos\/ReglamentoT.OficialRT2010.pdf\" target=\"_blank\">Reglamento T\u00e9cnico Oficial Recorridos de Tiro<\/a>\u00a0(Traducci\u00f3n actualizada a 23\/03\/2012)\u00a0<strong>MLAIC<\/strong> &#8211; <a title=\"Reglamento T\u00e9cnico Oficial Armas Avancarga\" href=\"http:\/\/www.tirolimpico.org\/apps\/displayFile\/es\/RFEDETO\/public\/documentos\/reglamentos\/RegArmasHistoricas_2013.pdf\" target=\"_blank\">Reglamento T\u00e9cnico Oficial Armas Avancarga<\/a>\u00a0(Traducci\u00f3n actualizada a 1\/03\/2013)Anexo: <a title=\"Reglamento Cartucho Met\u00e1lico\" href=\"http:\/\/www.tirolimpico.org\/apps\/displayFile\/es\/RFEDETO\/public\/documentos\/reglamentos\/RegArmasHistoricas+_Marzo2009_Anexo_Cartucho+Met%C3%A1lico.pdf\" target=\"_blank\">Reglamento T\u00e9cnico Oficial para Armas de Cartucho Met\u00e1lico con P\u00f3lvora Negra<\/a>\u00a0<strong>WBSF<\/strong>\u00a0<strong>&#8211; <\/strong><a href=\"http:\/\/www.tirolimpico.org\/apps\/displayFile\/es\/RFEDETO\/public\/documentos\/reglamentos\/Reglamento_WBSF.pdf\" target=\"_blank\">Reglamento T\u00e9cnico Oficial Alta Precisi\u00f3n.<\/a> (Traducci\u00f3n actualizada a 25\/03\/2013).\u00a0<strong>RFEDETO<\/strong><\/p>\n<ol>\n<li><a title=\"Reglamento 9 mm actualizado agosto 2012\" href=\"http:\/\/www.tirolimpico.org\/apps\/displayFile\/es\/RFEDETO\/public\/documentos\/reglamentos\/reglamento_9mm_agosto12.pdf\" target=\"_blank\">Reglamento T\u00e9cnico Oficial de Pistola 9 mm.<\/a>\u00a0(\u00faltima actualizaci\u00f3n\u00a0a fecha 07\/08\/2012)<strong>\u00a0\u00a0\u00a0 \u00a0\u00a0\u00a0 NOTA:<\/strong>\u00a0 <a href=\"http:\/\/www.tirolimpico.org\/apps\/displayFile\/es\/RFEDETO\/public\/documentos\/reglamentos\/AclaracionReg_9mm_29052013.pdf\" target=\"_blank\">Aclaraciones e interpretaci\u00f3n de\u00a0Reglamentos Pistola 9 mm.<\/a><\/li>\n<li><a title=\"Reglamento T\u00e9cnico Especial nuevas modalidades Pistola y Carabina\" href=\"http:\/\/www.tirolimpico.org\/apps\/displayFile\/es\/RFEDETO\/public\/documentos\/reglamentos\/E138CED4.pdf\" target=\"_blank\">Reglamento T\u00e9cnico Especial para nuevas modalidades de Pistola y Carabina A.C.<\/a> (Juv, Cad, Inf, Ale)<\/li>\n<li><a title=\"Reglamento Espa\u00f1ol Combinada Ol\u00edmpica 2004\" href=\"http:\/\/www.tirolimpico.org\/apps\/displayFile\/es\/RFEDETO\/public\/documentos\/reglamentos\/11.ReglamentoEspanolCombinadaOlimpica04.pdf\" target=\"_blank\">Reglamento Espa\u00f1ol Combinada Ol\u00edmpica 04<\/a><\/li>\n<li><a title=\"Reglamento T\u00e9cnico Carabina F-Class R (100 metros)\" href=\"http:\/\/www.tirolimpico.org\/apps\/displayFile\/es\/RFEDETO\/public\/documentos\/alta_precision\/reglamento_tecnico_carabina_fclass_r.pdf\" target=\"_blank\">Reglamento T\u00e9cnico Carabina F-Class R (100 m.)<\/a><\/li>\n<li><a href=\"http:\/\/www.tirolimpico.org\/apps\/displayFile\/es\/RFEDETO\/public\/documentos\/reglamentos\/ReglamentoTecnicoEspecialPAVyPAS.pdf\" target=\"_blank\">Reglamento T\u00e9cnico Especial Pistola Aire 5 disparos 10 metros (Pistola Aire Standard y Velocidad)<\/a><\/li>\n<\/ol>\n<p><span style=\"color: #000000;\"><strong>Normativas<\/strong><\/span><\/p>\n<ul>\n<li><span style=\"color: #000000;\"><strong>PRECISI\u00d3N<\/strong><\/span><\/li>\n<\/ul>\n<ol>\n<li><a href=\"http:\/\/www.tirolimpico.org\/apps\/displayFile\/es\/RFEDETO\/public\/documentos\/precision\/Normativas\/Normativa_Alta_Competicion_Precision_2013.pdf\" target=\"_blank\">Normativa de Alta Competici\u00f3n para Modalidades Ol\u00edmpicas de Precisi\u00f3n<\/a>\u00a0&#8211; 2013<\/li>\n<li><a title=\"Normativa de Actividad Estatal Precision 2012\" href=\"http:\/\/www.tirolimpico.org\/apps\/displayFile\/es\/RFEDETO\/public\/documentos\/precision\/normativas_2012\/normativa_precision_2013.pdf\" target=\"_blank\">Normativa para las Competiciones Nacionales<\/a>\u00a0&#8211; 2013. <a href=\"http:\/\/www.tirolimpico.org\/apps\/displayFile\/es\/RFEDETO\/public\/pages\/documentacion.cms_xhtml\">Anexos, formularios y otras informaciones.<\/a><\/li>\n<li><a href=\"http:\/\/www.tirolimpico.org\/apps\/displayFile\/es\/RFEDETO\/public\/pages\/area-medica.cms_xhtml\"><em>Resoluci\u00f3n de 4 de febrero de 2013, de la Presidencia del Consejo Superior de Deportes, por la que se aprueba el formulario de localizaci\u00f3n de los deportistas.<\/em><\/a><\/li>\n<\/ol>\n<ul>\n<li><span style=\"color: #000000;\"><strong>ARMAS HIST\u00d3RICAS<\/strong> <\/span>&#8211; <a title=\"Normas T\u00e9cnicas para la Pr\u00e1ctica de Armas Hist\u00f3ricas\" href=\"http:\/\/www.tirolimpico.org\/apps\/displayFile\/es\/RFEDETO\/public\/documentos\/armas_historicas\/NORMAS_TECNICAS_AH.pdf\" target=\"_blank\">Normativa para el desarrollo de las Actividades Deportivas &#8211; 2013<\/a>. <a href=\"http:\/\/www.tirolimpico.org\/apps\/displayFile\/es\/RFEDETO\/public\/pages\/documentacion.cms_xhtml\">Anexos, formularios y otras informaciones.<\/a><\/li>\n<\/ul>\n<ul>\n<li><span style=\"color: #000000;\"><strong>RECORRIDOS DE TIRO<\/strong> <\/span>&#8211; <a title=\"Normativa Estatal Recorridos de Tiro\" href=\"http:\/\/www.tirolimpico.org\/apps\/displayFile\/es\/RFEDETO\/public\/documentos\/recorridos_tiro\/normativa_estatal_rrtt.pdf\" target=\"_blank\">Normativa para el desarrollo de las Actividades Deportivas<\/a>. &#8211; 2013.\u00a0<a href=\"http:\/\/www.tirolimpico.org\/apps\/displayFile\/es\/RFEDETO\/public\/pages\/documentacion.cms_xhtml\">Anexos, formularios y otras informaciones.<\/a> <a href=\"http:\/\/www.tirolimpico.org\/apps\/displayFile\/es\/RFEDETO\/public\/documentos\/recorridos_tiro\/ParticipacionCompeticionesExtranjero.pdf\" target=\"_blank\">NOTA: Participaci\u00f3n en competiciones en el extranjero (Nivel III o Superior)<\/a>. \u00a0\u00a0 <a href=\"http:\/\/www.tirolimpico.org\/apps\/displayFile\/es\/RFEDETO\/public\/documentos\/recorridos_tiro\/Comunicados\/Circular_Seminarios_IROA.pdf\" target=\"_blank\">Nota: Seminarios IROA..<\/a><\/li>\n<\/ul>\n<ul>\n<li><span style=\"color: #000000;\"><strong>ALTA PRECISI\u00d3N<\/strong> &#8211;<\/span> <a title=\"Normas T\u00e9cnicas alta Precisi\u00f3n\" href=\"http:\/\/www.tirolimpico.org\/apps\/displayFile\/es\/RFEDETO\/public\/documentos\/alta_precision\/NORMAS_+TECNICAS_+ALTA_+PRECISION.pdf\" target=\"_blank\">Normativa para el desarrollo de las Actividades Deportivas<\/a>. &#8211; 2013\u00a0<a href=\"http:\/\/www.tirolimpico.org\/apps\/displayFile\/es\/RFEDETO\/public\/pages\/documentacion.cms_xhtml\">Anexos, formularios y otras Informaciones.<\/a><\/li>\n<\/ul>\n<p><span style=\"color: #000000;\"><strong>F-CLASS <\/strong>&#8211;<\/span> <a title=\"Normativa Actividad EStatal competiciones nacionales F-Class\" href=\"http:\/\/www.tirolimpico.org\/apps\/displayFile\/es\/RFEDETO\/public\/documentos\/F-Class\/NORMAS_TECNICAS_F+CLASS.pdf\" target=\"_blank\">Normativa para el desarrollo de las Actividades Deportivas<\/a>. &#8211; 2013\u00a0\u00a0<a href=\"http:\/\/www.tirolimpico.org\/apps\/displayFile\/es\/RFEDETO\/public\/pages\/documentacion.cms_xhtml\">Anexos, formularios y otras informaciones.<\/a><\/p>\n","protected":false},"excerpt":{"rendered":"<p>\u00a0 Extractos De los Reglamentos T\u00e9cnicos 1. Extracto Del Reglamento De P. Neum\u00e1tica. 2. Extracto Del Reglamento De P. Libre. 3. Extracto Del Reglamento De Carabina Neum\u00e1tica. 4. Extracto Del Reglamento De P. Standard. 5. Extracto Del Reglamento De Fuego Central. 6. Extracto Del Reglamento De P. Deportiva. 7. Extracto Del Reglamento De 9mm. 8. [&hellip;]<\/p>\n","protected":false},"author":1,"featured_media":0,"parent":0,"menu_order":0,"comment_status":"open","ping_status":"open","template":"","meta":{"footnotes":""},"class_list":["post-38","page","type-page","status-publish","hentry"],"_links":{"self":[{"href":"https:\/\/tiroalba.com\/index.php?rest_route=\/wp\/v2\/pages\/38","targetHints":{"allow":["GET"]}}],"collection":[{"href":"https:\/\/tiroalba.com\/index.php?rest_route=\/wp\/v2\/pages"}],"about":[{"href":"https:\/\/tiroalba.com\/index.php?rest_route=\/wp\/v2\/types\/page"}],"author":[{"embeddable":true,"href":"https:\/\/tiroalba.com\/index.php?rest_route=\/wp\/v2\/users\/1"}],"replies":[{"embeddable":true,"href":"https:\/\/tiroalba.com\/index.php?rest_route=%2Fwp%2Fv2%2Fcomments&post=38"}],"version-history":[{"count":15,"href":"https:\/\/tiroalba.com\/index.php?rest_route=\/wp\/v2\/pages\/38\/revisions"}],"predecessor-version":[{"id":844,"href":"https:\/\/tiroalba.com\/index.php?rest_route=\/wp\/v2\/pages\/38\/revisions\/844"}],"wp:attachment":[{"href":"https:\/\/tiroalba.com\/index.php?rest_route=%2Fwp%2Fv2%2Fmedia&parent=38"}],"curies":[{"name":"wp","href":"https:\/\/api.w.org\/{rel}","templated":true}]}}