{"id":390,"date":"2013-11-24T19:48:37","date_gmt":"2013-11-24T18:48:37","guid":{"rendered":"http:\/\/tiroalba.com\/?page_id=390"},"modified":"2016-01-17T10:54:22","modified_gmt":"2016-01-17T09:54:22","slug":"condiciones-para-ingreso-como-socio-numerario-del-c-a-t-p","status":"publish","type":"page","link":"https:\/\/tiroalba.com\/?page_id=390","title":{"rendered":"Condiciones para ingreso como socio numerario del CATP."},"content":{"rendered":"<p><strong>Estas son las condiciones para ingreso como socio numerario del CATP.<\/strong><\/p>\n<p>1.- El interesado deber\u00e1 abonar las cuotas establecidas por la asamblea del Club.<br \/>\n(importe aportaci\u00f3n al campo, derechos de socio, cuota anual, licencia federativa)<\/p>\n<p>2.- Entregar dos fotograf\u00edas de carn\u00e9.<\/p>\n<p>3.- Fotocopia del DNI.<\/p>\n<p>4.- Domiciliaci\u00f3n bancaria.<\/p>\n<p>5.- Rellenar y firmar el impreso de solicitud de ingreso.<\/p>\n<ul>\n<li>El aspirante a socio deber\u00e1 asistir a los cursillos previos y necesarios para acceder al examen de obtenci\u00f3n de la licencia.<\/li>\n<li>El aspirante a socio se compromete aceptar la normativa en vigor y condiciones de uso de las instalaciones del CATP.<\/li>\n<\/ul>\n<p>&nbsp;<\/p>\n<p><strong>\u00bfC\u00f3mo obtener la licencia de armas tipo F?<\/strong><\/p>\n<p>Hacerse socio del club.<\/p>\n<ul>\n<li>Punto 1 de las condiciones arriba indicadas.<\/li>\n<li>Habiendo realizado el curso de iniciaci\u00f3n al Tiro Ol\u00edmpico te\u00f3rico y pr\u00e1ctico arriba indicado.<\/li>\n<li>Realizar un examen pr\u00e1ctico en nuestras instalaciones en la fecha indicada en el calendario.<\/li>\n<li>Certificado de Aptitudes Psicof\u00edsicas expedido por un centro M\u00e9dico Oficial de la provincia de su residencia.<\/li>\n<\/ul>\n","protected":false},"excerpt":{"rendered":"<p>Estas son las condiciones para ingreso como socio numerario del CATP. 1.- El interesado deber\u00e1 abonar las cuotas establecidas por la asamblea del Club. (importe aportaci\u00f3n al campo, derechos de socio, cuota anual, licencia federativa) 2.- Entregar dos fotograf\u00edas de carn\u00e9. 3.- Fotocopia del DNI. 4.- Domiciliaci\u00f3n bancaria. 5.- Rellenar y firmar el impreso de [&hellip;]<\/p>\n","protected":false},"author":1,"featured_media":0,"parent":0,"menu_order":0,"comment_status":"open","ping_status":"open","template":"","meta":{"footnotes":""},"class_list":["post-390","page","type-page","status-publish","hentry"],"_links":{"self":[{"href":"https:\/\/tiroalba.com\/index.php?rest_route=\/wp\/v2\/pages\/390","targetHints":{"allow":["GET"]}}],"collection":[{"href":"https:\/\/tiroalba.com\/index.php?rest_route=\/wp\/v2\/pages"}],"about":[{"href":"https:\/\/tiroalba.com\/index.php?rest_route=\/wp\/v2\/types\/page"}],"author":[{"embeddable":true,"href":"https:\/\/tiroalba.com\/index.php?rest_route=\/wp\/v2\/users\/1"}],"replies":[{"embeddable":true,"href":"https:\/\/tiroalba.com\/index.php?rest_route=%2Fwp%2Fv2%2Fcomments&post=390"}],"version-history":[{"count":7,"href":"https:\/\/tiroalba.com\/index.php?rest_route=\/wp\/v2\/pages\/390\/revisions"}],"predecessor-version":[{"id":2204,"href":"https:\/\/tiroalba.com\/index.php?rest_route=\/wp\/v2\/pages\/390\/revisions\/2204"}],"wp:attachment":[{"href":"https:\/\/tiroalba.com\/index.php?rest_route=%2Fwp%2Fv2%2Fmedia&parent=390"}],"curies":[{"name":"wp","href":"https:\/\/api.w.org\/{rel}","templated":true}]}}