{"id":48,"date":"2013-11-21T22:35:45","date_gmt":"2013-11-21T21:35:45","guid":{"rendered":"http:\/\/tiroalba.com\/?page_id=48"},"modified":"2017-04-03T01:00:51","modified_gmt":"2017-04-02T23:00:51","slug":"links","status":"publish","type":"page","link":"https:\/\/tiroalba.com\/?page_id=48","title":{"rendered":"Organismos Oficiales"},"content":{"rendered":"<h3>Organismos Oficiales<\/h3>\n<table border=\"0\" cellspacing=\"5\" cellpadding=\"10\">\n<tbody>\n<tr>\n<td align=\"left\" valign=\"top\"><a href=\"http:\/\/www.tirolimpico.org\" target=\"_blank\">Real Federaci\u00f3n Espa\u00f1ola de Tiro Ol\u00edmpico<\/a><\/p>\n<p><a href=\"http:\/\/www.fedetiroclm.es\/\">Federaci\u00f3n de Tiro Ol\u00edmpico de Castilla La Mancha<\/a><br \/>\n<a href=\"http:\/\/www.fitasc.com\/\" target=\"_blank\">Federation Internationale de Tir aux Armes Sportives de Chasse<br \/>\n<\/a><a href=\"http:\/\/www.ipsc.org\/\" target=\"_blank\">International Practical Shooting Confederation<\/a><br \/>\n<a href=\"http:\/\/www.issf-sports.org\/\" target=\"_blank\">International Shooting Sport Federation<\/a><br \/>\n<a href=\"http:\/\/www.mlaic.org\/\" target=\"_blank\">Muzzle Loaders Associations International Committe<\/a><strong>\u00a0<\/strong><br \/>\n<a href=\"http:\/\/www.world-benchrest.com\/\" target=\"_blank\">World Bench Rest Shooting Federation<\/a><\/td>\n<td align=\"left\" valign=\"top\"><a href=\"http:\/\/www.csd.gob.es\/\" target=\"_blank\">Consejo Superior de Deportes <\/a><strong><br \/>\n<\/strong><a href=\"http:\/\/www.coe.es\/\" target=\"_blank\">Comit\u00e9 Ol\u00edmpico Espa\u00f1ol<\/a> <strong><br \/>\n<\/strong><a href=\"http:\/\/www.olympic.org\/\" target=\"_blank\">Comit\u00e9 Ol\u00edmpico Internacional<\/a> <strong><br \/>\n<\/strong><a href=\"http:\/\/www.ado.es\/ado\/ado09.nsf\/Finicio?openform\" target=\"_blank\">Asociaci\u00f3n de Deportes Ol\u00edmpico<\/a><br \/>\n<a href=\"http:\/\/www.cafyd.com\/REVISTA\/ojs\/index.php\/ricyde\" target=\"_blank\">Revista Internacional de Ciencias del Deporte <\/a><br \/>\n<a href=\"http:\/\/www.cafyd.com\/\" target=\"_blank\">Portal de las Ciencias de la Actividad F\u00edsica y el Deporte<\/a><br \/>\n<a href=\"http:\/\/www.aemet.es\/es\/portada\" target=\"_blank\">Agencia Estatal de Meteorolog\u00eda<\/a><\/td>\n<\/tr>\n<\/tbody>\n<\/table>\n","protected":false},"excerpt":{"rendered":"<p>Organismos Oficiales Real Federaci\u00f3n Espa\u00f1ola de Tiro Ol\u00edmpico Federaci\u00f3n de Tiro Ol\u00edmpico de Castilla La Mancha Federation Internationale de Tir aux Armes Sportives de Chasse International Practical Shooting Confederation International Shooting Sport Federation Muzzle Loaders Associations International Committe\u00a0 World Bench Rest Shooting Federation Consejo Superior de Deportes Comit\u00e9 Ol\u00edmpico Espa\u00f1ol Comit\u00e9 Ol\u00edmpico Internacional Asociaci\u00f3n de [&hellip;]<\/p>\n","protected":false},"author":1,"featured_media":0,"parent":0,"menu_order":0,"comment_status":"open","ping_status":"closed","template":"","meta":{"footnotes":""},"class_list":["post-48","page","type-page","status-publish","hentry"],"_links":{"self":[{"href":"https:\/\/tiroalba.com\/index.php?rest_route=\/wp\/v2\/pages\/48","targetHints":{"allow":["GET"]}}],"collection":[{"href":"https:\/\/tiroalba.com\/index.php?rest_route=\/wp\/v2\/pages"}],"about":[{"href":"https:\/\/tiroalba.com\/index.php?rest_route=\/wp\/v2\/types\/page"}],"author":[{"embeddable":true,"href":"https:\/\/tiroalba.com\/index.php?rest_route=\/wp\/v2\/users\/1"}],"replies":[{"embeddable":true,"href":"https:\/\/tiroalba.com\/index.php?rest_route=%2Fwp%2Fv2%2Fcomments&post=48"}],"version-history":[{"count":10,"href":"https:\/\/tiroalba.com\/index.php?rest_route=\/wp\/v2\/pages\/48\/revisions"}],"predecessor-version":[{"id":2874,"href":"https:\/\/tiroalba.com\/index.php?rest_route=\/wp\/v2\/pages\/48\/revisions\/2874"}],"wp:attachment":[{"href":"https:\/\/tiroalba.com\/index.php?rest_route=%2Fwp%2Fv2%2Fmedia&parent=48"}],"curies":[{"name":"wp","href":"https:\/\/api.w.org\/{rel}","templated":true}]}}