{"id":60,"date":"2013-11-21T22:39:45","date_gmt":"2013-11-21T21:39:45","guid":{"rendered":"http:\/\/tiroalba.com\/?page_id=60"},"modified":"2014-01-01T20:47:46","modified_gmt":"2014-01-01T19:47:46","slug":"tecnica-de-tiro","status":"publish","type":"page","link":"https:\/\/tiroalba.com\/?page_id=60","title":{"rendered":"Art\u00edculos relacionados con el Tiro Ol\u00edmpico"},"content":{"rendered":"<p align=\"LEFT\"><span style=\"color: #0000ff;\"><span style=\"font-family: Tahoma,sans-serif;\"><span style=\"font-size: small;\"><a href=\"http:\/\/tiroalba.com\/wp-content\/uploads\/2013\/11\/Melentiev_URS_OG_1980.jpg\"><img decoding=\"async\" class=\"size-medium wp-image-299 alignleft\" alt=\"Melentiev_URS_OG_1980\" src=\"http:\/\/tiroalba.com\/wp-content\/uploads\/2013\/11\/Melentiev_URS_OG_1980-213x300.jpg\" width=\"213\" height=\"300\" srcset=\"https:\/\/tiroalba.com\/wp-content\/uploads\/2013\/11\/Melentiev_URS_OG_1980-213x300.jpg 213w, https:\/\/tiroalba.com\/wp-content\/uploads\/2013\/11\/Melentiev_URS_OG_1980.jpg 427w\" sizes=\"(max-width: 213px) 100vw, 213px\" \/><\/a><\/span><\/span><\/span><\/p>\n<p>&nbsp;<\/p>\n<p>&nbsp;<\/p>\n<p align=\"LEFT\"><a href=\"http:\/\/tiroalba.com\/wp-content\/uploads\/2013\/11\/ASPECTOS-IMPORTANTES-FASE-DE-PRECISIoN.pdf\">Aspectos Importantes en la Fase de Precisi\u00f3n.<\/a> Mini resumen..<\/p>\n<p align=\"LEFT\"><a href=\"http:\/\/tiroalba.com\/wp-content\/uploads\/2013\/11\/Errores-habituales-en-el-tiro-con-miras-abiertas.pdf\">Errores Habituales En El Tiro Con Miras Abiertas.<\/a> Por Adri\u00e1n Tomate De La Rosa<\/p>\n<p align=\"LEFT\"><a href=\"http:\/\/tiroalba.com\/wp-content\/uploads\/2013\/11\/Fundamentos-tecnicos-del-tiro-deportivo.pdf\">Fundamentos T\u00e9cnicos Del Tiro Deportivo.<\/a> Por Adri\u00e1n Tomate De La Rosa<\/p>\n<p align=\"LEFT\"><a href=\"http:\/\/tiroalba.com\/wp-content\/uploads\/2013\/11\/Fundamentos-Tiro-Pistola-Olimpica.pdf\">Fundamentos Tiro con Pistola Ol\u00edmpica.<\/a> Por Zeljko Todorovic<\/p>\n<p align=\"LEFT\"><a href=\"http:\/\/tiroalba.com\/wp-content\/uploads\/2013\/11\/LA-VISION-Y-LA-PUNTERIA-EN-EL-TIRO-OLIMPICO-J.VelascoMontes.pdf\">La Visi\u00f3n Y La Punter\u00eda En El Tiro Ol\u00edmpico.<\/a> Por el Dr. J. Velasco Montes<\/p>\n<p><a href=\"http:\/\/tiroalba.com\/wp-content\/uploads\/2013\/11\/Carabina-Anschutz.pdf\">El disparador de la \u00abCarabina Anschutz\u00bb<\/a><\/p>\n","protected":false},"excerpt":{"rendered":"<p>&nbsp; &nbsp; Aspectos Importantes en la Fase de Precisi\u00f3n. Mini resumen.. Errores Habituales En El Tiro Con Miras Abiertas. Por Adri\u00e1n Tomate De La Rosa Fundamentos T\u00e9cnicos Del Tiro Deportivo. Por Adri\u00e1n Tomate De La Rosa Fundamentos Tiro con Pistola Ol\u00edmpica. Por Zeljko Todorovic La Visi\u00f3n Y La Punter\u00eda En El Tiro Ol\u00edmpico. Por el [&hellip;]<\/p>\n","protected":false},"author":1,"featured_media":0,"parent":0,"menu_order":0,"comment_status":"open","ping_status":"closed","template":"","meta":{"footnotes":""},"class_list":["post-60","page","type-page","status-publish","hentry"],"_links":{"self":[{"href":"https:\/\/tiroalba.com\/index.php?rest_route=\/wp\/v2\/pages\/60","targetHints":{"allow":["GET"]}}],"collection":[{"href":"https:\/\/tiroalba.com\/index.php?rest_route=\/wp\/v2\/pages"}],"about":[{"href":"https:\/\/tiroalba.com\/index.php?rest_route=\/wp\/v2\/types\/page"}],"author":[{"embeddable":true,"href":"https:\/\/tiroalba.com\/index.php?rest_route=\/wp\/v2\/users\/1"}],"replies":[{"embeddable":true,"href":"https:\/\/tiroalba.com\/index.php?rest_route=%2Fwp%2Fv2%2Fcomments&post=60"}],"version-history":[{"count":20,"href":"https:\/\/tiroalba.com\/index.php?rest_route=\/wp\/v2\/pages\/60\/revisions"}],"predecessor-version":[{"id":1071,"href":"https:\/\/tiroalba.com\/index.php?rest_route=\/wp\/v2\/pages\/60\/revisions\/1071"}],"wp:attachment":[{"href":"https:\/\/tiroalba.com\/index.php?rest_route=%2Fwp%2Fv2%2Fmedia&parent=60"}],"curies":[{"name":"wp","href":"https:\/\/api.w.org\/{rel}","templated":true}]}}