{"id":89,"date":"2013-11-21T22:49:16","date_gmt":"2013-11-21T22:49:16","guid":{"rendered":"http:\/\/tiroalba.com\/?page_id=89"},"modified":"2013-11-23T10:30:09","modified_gmt":"2013-11-23T09:30:09","slug":"modalidades","status":"publish","type":"page","link":"https:\/\/tiroalba.com\/?page_id=89","title":{"rendered":"Especialidades del Tiro Ol\u00edmpico que se practican en nuestro Club."},"content":{"rendered":"<p>&nbsp;<\/p>\n<table border=\"0\" cellspacing=\"5\" cellpadding=\"5\">\n<tbody>\n<tr>\n<td colspan=\"3\" align=\"left\" valign=\"top\"><strong>Precisi\u00f3n<\/strong><\/td>\n<\/tr>\n<tr>\n<td rowspan=\"3\" align=\"left\" valign=\"top\">\u00a0<\/td>\n<td colspan=\"2\" align=\"left\" valign=\"top\"><strong><\/strong>El objetivo en este caso es <strong>alcanzar un blanco, est\u00e1tico o m\u00f3vil, lo m\u00e1s cerca posible de su\u00a0centro,<\/strong>\u00a0cuyo tama\u00f1o, caracter\u00edsticas y distancia\u00a0cambian\u00a0seg\u00fan cada prueba, unas dentro del Programa Ol\u00edmpico y otras tan s\u00f3lo deportivas:<\/td>\n<\/tr>\n<tr>\n<td align=\"left\" valign=\"top\">\u00a0<strong>&#8211; Ol\u00edmpicas<\/strong>:<\/p>\n<ul>\n<li>Pistola Aire<\/li>\n<li>Carabina Aire<\/li>\n<li>Pistola Deportiva<\/li>\n<li>Pistola Velocidad<\/li>\n<li>Pistola Libre<\/li>\n<li>Carabina Tres Posiciones<\/li>\n<li>Carabina Tendido<\/li>\n<\/ul>\n<\/td>\n<td align=\"left\" valign=\"top\">\u00a0<strong>&#8211; Deportivas<\/strong>:<\/p>\n<ul>\n<li>Pistola Standard, Pistola Fuego Central, 9mm. Pistola Aire Est\u00e1ndar y Pistola Aire Velocidad<\/li>\n<li>Carabina Tendido Damas.\u00a0<\/li>\n<\/ul>\n<p>&nbsp;<\/p>\n<p>&nbsp;<\/td>\n<\/tr>\n<tr>\n<td colspan=\"2\" align=\"left\" valign=\"top\">Para la realizaci\u00f3n de las pruebas se utilizan <strong>pistolas<\/strong> \u00f3 <strong>carabinas<\/strong> de calibre y caracter\u00edsticas dependientes de cada modalidad.<\/td>\n<\/tr>\n<\/tbody>\n<\/table>\n<table border=\"0\" cellspacing=\"5\" cellpadding=\"5\">\n<tbody>\n<tr>\n<td colspan=\"4\" align=\"left\" valign=\"top\"><strong>Armas Hist\u00f3ricas<\/strong><\/td>\n<\/tr>\n<tr>\n<td rowspan=\"3\" align=\"left\" valign=\"top\">\u00a0<\/td>\n<td colspan=\"3\" align=\"left\" valign=\"top\">Usando <strong>armas de \u00e9poca<\/strong> (originales \u00f3 r\u00e9plicas), el objetivo es <strong>alcanzar un blanco lo m\u00e1s cerca posible de su centro o romper el mayor n\u00famero de platos posible<\/strong>. Las dimensiones y distancias a las que se sit\u00faan los blancos dependen de la modalidad de la que se trate:<\/td>\n<\/tr>\n<tr>\n<td align=\"left\" valign=\"top\">\n<ul>\n<li>Miguelete<\/li>\n<li>Maximilian<\/li>\n<li>Minie<\/li>\n<li>Whitworth<\/li>\n<li>Cominazzo<\/li>\n<li>Kuchenreuter<\/li>\n<\/ul>\n<\/td>\n<td align=\"left\" valign=\"top\">\n<ul>\n<li>Colt<\/li>\n<li>Mariette<\/li>\n<li>Tanegashima<\/li>\n<li>Vetterli<\/li>\n<li>Hizadai<\/li>\n<\/ul>\n<\/td>\n<td align=\"left\" valign=\"top\">\n<ul>\n<li>Tanzutsu<\/li>\n<li>Donald Malson<\/li>\n<li>Pennsylvania<\/li>\n<li>Lamarmora<\/li>\n<\/ul>\n<\/td>\n<\/tr>\n<tr>\n<td colspan=\"3\" align=\"left\" valign=\"top\">\u00a0Se utilizan <strong>armas hist\u00f3ricas <\/strong>originales, o r\u00e9plicas de las mismas.<\/td>\n<\/tr>\n<\/tbody>\n<\/table>\n<table border=\"0\" cellspacing=\"5\" cellpadding=\"5\">\n<tbody>\n<tr>\n<td colspan=\"2\" align=\"left\" valign=\"top\"><strong>\u00a0<strong>Alta Precisi\u00f3n<\/strong>\u00a0\u00a0<\/strong><\/td>\n<\/tr>\n<tr>\n<td align=\"left\" valign=\"top\">\u00a0<\/td>\n<td align=\"left\" valign=\"top\">Se busca en esta especialidad la mayor perfecci\u00f3n posible en las armas, munici\u00f3n y ejecuci\u00f3n del disparo, con objeto de <strong>obtener agrupaciones del menor tama\u00f1o posible<\/strong>. Las caracter\u00edsticas, blancos, distancias y formas de puntuaci\u00f3n\u00a0difieren en funci\u00f3n de cada prueba. Todas las modalidades son deportivas:<\/p>\n<ul>\n<li>Varmint Ligero y Pesado<\/li>\n<li>Rifle de Miras Abiertas<\/li>\n<li>BR-50<\/li>\n<\/ul>\n<p>Se utilizan <strong>rifles<\/strong> dotados de visor telesc\u00f3pico cuyo\u00a0calibre y caracter\u00edsticas dependen de cada modalidad. Se dispara desde posici\u00f3n sentado y con el rifle apoyado en una torreta.<\/td>\n<\/tr>\n<\/tbody>\n<\/table>\n","protected":false},"excerpt":{"rendered":"<p>&nbsp; Precisi\u00f3n \u00a0 El objetivo en este caso es alcanzar un blanco, est\u00e1tico o m\u00f3vil, lo m\u00e1s cerca posible de su\u00a0centro,\u00a0cuyo tama\u00f1o, caracter\u00edsticas y distancia\u00a0cambian\u00a0seg\u00fan cada prueba, unas dentro del Programa Ol\u00edmpico y otras tan s\u00f3lo deportivas: \u00a0&#8211; Ol\u00edmpicas: Pistola Aire Carabina Aire Pistola Deportiva Pistola Velocidad Pistola Libre Carabina Tres Posiciones Carabina Tendido \u00a0&#8211; [&hellip;]<\/p>\n","protected":false},"author":1,"featured_media":0,"parent":0,"menu_order":0,"comment_status":"open","ping_status":"open","template":"","meta":{"footnotes":""},"class_list":["post-89","page","type-page","status-publish","hentry"],"_links":{"self":[{"href":"https:\/\/tiroalba.com\/index.php?rest_route=\/wp\/v2\/pages\/89","targetHints":{"allow":["GET"]}}],"collection":[{"href":"https:\/\/tiroalba.com\/index.php?rest_route=\/wp\/v2\/pages"}],"about":[{"href":"https:\/\/tiroalba.com\/index.php?rest_route=\/wp\/v2\/types\/page"}],"author":[{"embeddable":true,"href":"https:\/\/tiroalba.com\/index.php?rest_route=\/wp\/v2\/users\/1"}],"replies":[{"embeddable":true,"href":"https:\/\/tiroalba.com\/index.php?rest_route=%2Fwp%2Fv2%2Fcomments&post=89"}],"version-history":[{"count":9,"href":"https:\/\/tiroalba.com\/index.php?rest_route=\/wp\/v2\/pages\/89\/revisions"}],"predecessor-version":[{"id":307,"href":"https:\/\/tiroalba.com\/index.php?rest_route=\/wp\/v2\/pages\/89\/revisions\/307"}],"wp:attachment":[{"href":"https:\/\/tiroalba.com\/index.php?rest_route=%2Fwp%2Fv2%2Fmedia&parent=89"}],"curies":[{"name":"wp","href":"https:\/\/api.w.org\/{rel}","templated":true}]}}